{"id":13088,"date":"2024-11-08T03:06:43","date_gmt":"2024-11-08T02:06:43","guid":{"rendered":"https:\/\/thenylcompanymarine.com\/?page_id=13088"},"modified":"2024-11-11T21:14:32","modified_gmt":"2024-11-11T20:14:32","slug":"nous-contacter","status":"publish","type":"page","link":"https:\/\/thenylcompanymarine.com\/?page_id=13088&lang=fr","title":{"rendered":"Nous contacter"},"content":{"rendered":"<div class=\"wpb-content-wrapper\"><p>[vc_row][vc_column el_align=\u00a0\u00bbcenter\u00a0\u00bb]<div class='dt-sc-title script-with-sub-title aligncenter'><h2>Notre emplacement<\/h2><h3><\/h3><\/div>[vc_column_text css=\u00a0\u00bb\u00a0\u00bb el_class=\u00a0\u00bbaligncenter\u00a0\u00bb]<iframe loading=\"lazy\" style=\"border: 0;\" src=\"https:\/\/www.google.com\/maps\/embed?pb=!1m18!1m12!1m3!1d3979.896418807271!2d9.692100674975395!3d4.041555695932185!2m3!1f0!2f0!3f0!3m2!1i1024!2i768!4f13.1!3m3!1m2!1s0x10611350dfd8266f%3A0x875a10643c81f246!2sTHE%20NYL%20COMPANY!5e0!3m2!1sfr!2scm!4v1730211023542!5m2!1sfr!2scm\" width=\"850\" height=\"450\" allowfullscreen=\"allowfullscreen\"><\/iframe>[\/vc_column_text][\/vc_column][\/vc_row][vc_row full_width=\u00a0\u00bbstretch_row_content_no_spaces\u00a0\u00bb equal_height=\u00a0\u00bbyes\u00a0\u00bb content_placement=\u00a0\u00bbmiddle\u00a0\u00bb el_class=\u00a0\u00bbskin-highlight dt-sc-dark-bg\u00a0\u00bb][vc_column css=\u00a0\u00bb.vc_custom_1731355810529{margin-right: 100px !important;margin-left: 100px !important;}\u00a0\u00bb]<div class=\"ult-spacer spacer-69e234c112b21\" data-id=\"69e234c112b21\" data-height=\"80\" data-height-mobile=\"50\" data-height-tab=\"\" data-height-tab-portrait=\"\" data-height-mobile-landscape=\"50\" style=\"clear:both;display:block;\"><\/div><div class='dt-sc-title script-with-sub-title aligncenter'><h2>Passer votre commande ici<\/h2><h5><\/h5><\/div>[vc_column_text css=\u00a0\u00bb\u00a0\u00bb]\n<div class=\"wpcf7 no-js\" id=\"wpcf7-f13181-o1\" lang=\"en-US\" dir=\"ltr\" data-wpcf7-id=\"13181\">\n<div class=\"screen-reader-response\"><p role=\"status\" aria-live=\"polite\" aria-atomic=\"true\"><\/p> <ul><\/ul><\/div>\n<form action=\"\/index.php?rest_route=%2Fwp%2Fv2%2Fpages%2F13088#wpcf7-f13181-o1\" method=\"post\" class=\"wpcf7-form init\" aria-label=\"Contact form\" novalidate=\"novalidate\" data-status=\"init\">\n<div style=\"display: none;\">\n<input type=\"hidden\" name=\"_wpcf7\" value=\"13181\" \/>\n<input type=\"hidden\" name=\"_wpcf7_version\" value=\"6.0.6\" \/>\n<input type=\"hidden\" name=\"_wpcf7_locale\" value=\"en_US\" \/>\n<input type=\"hidden\" name=\"_wpcf7_unit_tag\" value=\"wpcf7-f13181-o1\" \/>\n<input type=\"hidden\" name=\"_wpcf7_container_post\" value=\"0\" \/>\n<input type=\"hidden\" name=\"_wpcf7_posted_data_hash\" value=\"\" \/>\n<\/div>\n<div class=\"column dt-sc-one-half first\">\n\t<p><span class=\"wpcf7-form-control-wrap\" data-name=\"text-281\"><input size=\"40\" maxlength=\"400\" class=\"wpcf7-form-control wpcf7-text wpcf7-validates-as-required\" aria-required=\"true\" aria-invalid=\"false\" placeholder=\"Nom*\" value=\"\" type=\"text\" name=\"text-281\" \/><\/span>\n\t<\/p>\n<\/div>\n<div class=\"column dt-sc-one-half\">\n\t<p><span class=\"wpcf7-form-control-wrap\" data-name=\"tel-701\"><input size=\"40\" maxlength=\"400\" class=\"wpcf7-form-control wpcf7-tel wpcf7-validates-as-required wpcf7-text wpcf7-validates-as-tel\" aria-required=\"true\" aria-invalid=\"false\" placeholder=\"T\u00e9l\u00e9hone*\" value=\"\" type=\"tel\" name=\"tel-701\" \/><\/span>\n\t<\/p>\n<\/div>\n<p> &nbsp;\n<\/p>\n<p><span class=\"wpcf7-form-control-wrap\" data-name=\"email-257\"><input size=\"40\" maxlength=\"400\" class=\"wpcf7-form-control wpcf7-email wpcf7-validates-as-required wpcf7-text wpcf7-validates-as-email\" aria-required=\"true\" aria-invalid=\"false\" placeholder=\"E-mail*\" value=\"\" type=\"email\" name=\"email-257\" \/><\/span>\n<\/p>\n<p> &nbsp;\n<\/p>\n<h3 style=\"font-size:19px; text-align:left;\">Je suis interess\u00e9 par les services suivants : <span>*<\/span>\n<\/h3>\n<div class=\"form-group col-md-12\" style=\"text-align:left;\">\n\t<p><span class=\"wpcf7-form-control-wrap\" data-name=\"checkbox-596\"><span class=\"wpcf7-form-control wpcf7-checkbox\"><span class=\"wpcf7-list-item first\"><input type=\"checkbox\" name=\"checkbox-596[]\" value=\"Produits frais\" \/><span class=\"wpcf7-list-item-label\">Produits frais<\/span><\/span><span class=\"wpcf7-list-item\"><input type=\"checkbox\" name=\"checkbox-596[]\" value=\"Produits surgel\u00e9s\" \/><span class=\"wpcf7-list-item-label\">Produits surgel\u00e9s<\/span><\/span><span class=\"wpcf7-list-item\"><input type=\"checkbox\" name=\"checkbox-596[]\" value=\"Produits secs et conserv\u00e9s\" \/><span class=\"wpcf7-list-item-label\">Produits secs et conserv\u00e9s<\/span><\/span><span class=\"wpcf7-list-item\"><input type=\"checkbox\" name=\"checkbox-596[]\" value=\"Appareil mat\u00e9riel\" \/><span class=\"wpcf7-list-item-label\">Appareil mat\u00e9riel<\/span><\/span><span class=\"wpcf7-list-item\"><input type=\"checkbox\" name=\"checkbox-596[]\" value=\"V\u00eatements et chaussures\" \/><span class=\"wpcf7-list-item-label\">V\u00eatements et chaussures<\/span><\/span><span class=\"wpcf7-list-item\"><input type=\"checkbox\" name=\"checkbox-596[]\" value=\"maison\" \/><span class=\"wpcf7-list-item-label\">maison<\/span><\/span><span class=\"wpcf7-list-item\"><input type=\"checkbox\" name=\"checkbox-596[]\" value=\"Brasserie et quincaillerie\" \/><span class=\"wpcf7-list-item-label\">Brasserie et quincaillerie<\/span><\/span><span class=\"wpcf7-list-item\"><input type=\"checkbox\" name=\"checkbox-596[]\" value=\"Produit de beaut\u00e9\" \/><span class=\"wpcf7-list-item-label\">Produit de beaut\u00e9<\/span><\/span><span class=\"wpcf7-list-item\"><input type=\"checkbox\" name=\"checkbox-596[]\" value=\"Produits d&#039;entretien\" \/><span class=\"wpcf7-list-item-label\">Produits d&#039;entretien<\/span><\/span><span class=\"wpcf7-list-item\"><input type=\"checkbox\" name=\"checkbox-596[]\" value=\"Paquet de pinceaux\" \/><span class=\"wpcf7-list-item-label\">Paquet de pinceaux<\/span><\/span><span class=\"wpcf7-list-item\"><input type=\"checkbox\" name=\"checkbox-596[]\" value=\"Assistance et \u00e9quipement m\u00e9dicaux\" \/><span class=\"wpcf7-list-item-label\">Assistance et \u00e9quipement m\u00e9dicaux<\/span><\/span><span class=\"wpcf7-list-item\"><input type=\"checkbox\" name=\"checkbox-596[]\" value=\"Cordes et boulons\" \/><span class=\"wpcf7-list-item-label\">Cordes et boulons<\/span><\/span><span class=\"wpcf7-list-item\"><input type=\"checkbox\" name=\"checkbox-596[]\" value=\"Cargaison et \u00e9quipement\" \/><span class=\"wpcf7-list-item-label\">Cargaison et \u00e9quipement<\/span><\/span><span class=\"wpcf7-list-item\"><input type=\"checkbox\" name=\"checkbox-596[]\" value=\"Peintures marines et mat\u00e9riel de peinture\" \/><span class=\"wpcf7-list-item-label\">Peintures marines et mat\u00e9riel de peinture<\/span><\/span><span class=\"wpcf7-list-item\"><input type=\"checkbox\" name=\"checkbox-596[]\" value=\"S\u00e9curit\u00e9 et \u00e9quipement de lutte contre l&#039;incendie\" \/><span class=\"wpcf7-list-item-label\">S\u00e9curit\u00e9 et \u00e9quipement de lutte contre l&#039;incendie<\/span><\/span><span class=\"wpcf7-list-item\"><input type=\"checkbox\" name=\"checkbox-596[]\" value=\"L&#039;\u00e9quipement du pont\" \/><span class=\"wpcf7-list-item-label\">L&#039;\u00e9quipement du pont<\/span><\/span><span class=\"wpcf7-list-item last\"><input type=\"checkbox\" name=\"checkbox-596[]\" value=\"pi\u00e8ces de rechange et \u00e9quipements\" \/><span class=\"wpcf7-list-item-label\">pi\u00e8ces de rechange et \u00e9quipements<\/span><\/span><\/span><\/span>\n\t<\/p>\n<\/div>\n<p> &nbsp;\n<\/p>\n<p><span class=\"wpcf7-form-control-wrap\" data-name=\"textarea-635\"><textarea cols=\"40\" rows=\"10\" maxlength=\"2000\" class=\"wpcf7-form-control wpcf7-textarea\" aria-invalid=\"false\" placeholder=\"Message\" name=\"textarea-635\"><\/textarea><\/span>\n<\/p>\n<div class='dt-sc-hr-invisible-xsmall '> <\/div>\n<div class='dt-sc-clear '> <\/div>\n<p><span class=\"label\" style=\"font-style:italic; color:#fff; font-size:15px; float:left;\">(*) Champs obligatoires<\/span>\n<\/p>\n<div id=\"cf7sr-69e234c11466b\" class=\"cf7sr-g-recaptcha\" data-theme=\"light\" data-type=\"image\" data-size=\"normal\" data-sitekey=\"6LcWilArAAAAAHzJh8cW-BiGs168j2859kyoxSek\"><\/div><span class=\"wpcf7-form-control-wrap cf7sr-recaptcha\" data-name=\"cf7sr-recaptcha\"><input type=\"hidden\" name=\"cf7sr-recaptcha\" value=\"\" class=\"wpcf7-form-control\"><\/span>\n<\/p>\n<div class='dt-sc-hr-invisible-xsmall '> <\/div>\n<div class='dt-sc-clear '> <\/div>\n<p><input class=\"wpcf7-form-control wpcf7-submit has-spinner\" type=\"submit\" value=\"Envoyer\" \/>\n<\/p><div class=\"wpcf7-response-output\" aria-hidden=\"true\"><\/div>\n<\/form>\n<\/div>\n[\/vc_column_text]<div class=\"ult-spacer spacer-69e234c1150c8\" data-id=\"69e234c1150c8\" data-height=\"80\" data-height-mobile=\"10\" data-height-tab=\"\" data-height-tab-portrait=\"\" data-height-mobile-landscape=\"10\" style=\"clear:both;display:block;\"><\/div>[\/vc_column][\/vc_row][vc_row full_width=\u00a0\u00bbstretch_row\u00a0\u00bb el_class=\u00a0\u00bbdt-sc-overflow_visible\u00a0\u00bb][vc_column]<div class=\"ult-spacer spacer-69e234c1150f7\" data-id=\"69e234c1150f7\" data-height=\"86\" data-height-mobile=\"65\" data-height-tab=\"\" data-height-tab-portrait=\"\" data-height-mobile-landscape=\"65\" style=\"clear:both;display:block;\"><\/div><div class='dt-sc-title script-with-sub-title '><h2>Coordonn\u00e9es du bureau<\/h2><h3>Besoin de commander des produits pour votre navire ? \u00c9crivez-nous maintenant.<\/h3><\/div><div class='dt-sc-title with-right-border-decor '><h2>Si\u00e8ge social<\/h2><p><\/p><\/div>[\/vc_column][vc_column width=\u00a0\u00bb1\/3&Prime;]<div class='dt-sc-contact-info type2 '><span class='icon icon-phone2'> <\/span><h6>Appelez-nous<\/h6><strong>T\u00e9l\u00e9phone:<\/strong> (+237) 233 439 799\u00a0 \u00a0<br> <strong>Whatsapp:<\/strong> <a href=\"https:\/\/wa.me\/+237677653993\/?text=Bonjour THE NYL COMPANY i need to purchase some products from our ship\">(+237) 677 65 39 93<\/a><\/div>[\/vc_column][vc_column width=\u00a0\u00bb1\/3&Prime;]<div class='dt-sc-contact-info type2 '><span class='icon icon-mail'> <\/span><h6>E-mail<\/h6><a title=\"\" href=\"#\"> contact@thenylcompanymarine.com <\/a> <br><\/div>[\/vc_column][vc_column width=\u00a0\u00bb1\/3&Prime;]<div class='dt-sc-contact-info type2 '><span class='icon icon-pointer'> <\/span><h6>Adresse<\/h6>391, rue Dikoume Bell \u00e0 Bali<\/div>[\/vc_column][vc_column]<div class=\"ult-spacer spacer-69e234c1152de\" data-id=\"69e234c1152de\" data-height=\"100\" data-height-mobile=\"40\" data-height-tab=\"\" data-height-tab-portrait=\"\" data-height-mobile-landscape=\"40\" style=\"clear:both;display:block;\"><\/div>[\/vc_column][\/vc_row][vc_row full_width=\u00a0\u00bbstretch_row\u00a0\u00bb el_class=\u00a0\u00bbdt-sc-overflow_visible\u00a0\u00bb][vc_column]<div class='dt-sc-title with-right-border-decor '><h2>Station de Rado<\/h2><p><\/p><\/div>[\/vc_column][vc_column width=\u00a0\u00bb1\/3&Prime;]<div class='dt-sc-contact-info type2 '><span class='icon icon-phone2'> <\/span><h6>Appelez-nous<\/h6><strong>T\u00e9l\u00e9phone:<\/strong> (+237) 233 439 799\u00a0 \u00a0<br> <strong>Whatsapp:<\/strong> <a href=\"https:\/\/wa.me\/+237699017887\/?text=Bonjour THE NYL COMPANY i need to purchase some products from our ship\">(+237) 699 01 78 87<\/a><\/div>[\/vc_column][vc_column width=\u00a0\u00bb1\/3&Prime;]<div class='dt-sc-contact-info type2 '><span class='icon icon-mail'> <\/span><h6>E-mail<\/h6><a title=\"\" href=\"#\">operations@thenylcompanymarine.com <\/a> <br><\/div>[\/vc_column][vc_column width=\u00a0\u00bb1\/3&Prime;]<div class='dt-sc-contact-info type2 '><span class='icon icon-pointer'> <\/span><h6>Adresse<\/h6>Kayo Eli en allant vers la nouvelle route Bonadibong<\/div>[\/vc_column][vc_column]<div class=\"ult-spacer spacer-69e234c115480\" data-id=\"69e234c115480\" data-height=\"100\" data-height-mobile=\"40\" data-height-tab=\"\" data-height-tab-portrait=\"\" data-height-mobile-landscape=\"40\" style=\"clear:both;display:block;\"><\/div>[\/vc_column][\/vc_row][vc_row full_width=\u00a0\u00bbstretch_row\u00a0\u00bb bg_type=\u00a0\u00bbimage\u00a0\u00bb parallax_style=\u00a0\u00bbvcpb-vz-jquery\u00a0\u00bb bg_image_new=\u00a0\u00bbid^10099|url^https:\/\/thenylcompanymarine.com\/wp-content\/uploads\/2018\/09\/news-bg.jpg|caption^null|alt^null|title^news-bg|description^null\u00a0\u00bb bg_image_size=\u00a0\u00bbinitial\u00a0\u00bb el_class=\u00a0\u00bbdt-sc-dark-bg rs_custom_bg_size secondary-skin-overlay9&Prime; css=\u00a0\u00bb.vc_custom_1552632437124{background-position: 0 0 !important;background-repeat: no-repeat !important;}\u00a0\u00bb][vc_column el_class=\u00a0\u00bbrs_col_no_btm_space\u00a0\u00bb]<div class=\"ult-spacer spacer-69e234c1154a1\" data-id=\"69e234c1154a1\" data-height=\"60\" data-height-mobile=\"40\" data-height-tab=\"\" data-height-tab-portrait=\"\" data-height-mobile-landscape=\"40\" style=\"clear:both;display:block;\"><\/div><div class='dt-sc-newsletter-section type7 '><h2>Rester au parfum de nouvelles informations<\/h2><form class=\"dt-sc-subscribe-frm\" name=\"frmsubscribe\" action=\"#\" method=\"post\"><input type='email' name='dt_mc_emailid' required='required' placeholder='Your E-mail'><input type='hidden' name='dt_mc_apikey' value='c94a1d38b6683d601a324aeeb4d4ffe3-us1' \/><input type='hidden' name='dt_mc_listid' value='' \/><input type='submit' name='mc_submit' value='Souscrire'><div class=\"dt-privacy-wrapper\"><input name=\"dt_mc_privacy\" id=\"dt_mc_privacy\" value=\"true\" type=\"checkbox\" required=\"required\"><label for=\"dt_mc_privacy\">J'accepte les termes et conditions \u00e9nonc\u00e9s dans le <a href='https:\/\/thenylcompanymarine.com\/?page_id=10324&lang=fr'>Privacy Policy<\/a><\/label><\/div><\/form><div class=\"dt_ajax_subscribe_msg\"><\/div><\/div><div class=\"ult-spacer spacer-69e234c115c17\" data-id=\"69e234c115c17\" data-height=\"60\" data-height-mobile=\"30\" data-height-tab=\"\" data-height-tab-portrait=\"\" data-height-mobile-landscape=\"30\" style=\"clear:both;display:block;\"><\/div>[\/vc_column][\/vc_row][vc_row full_width=\u00a0\u00bbstretch_row_content_no_spaces\u00a0\u00bb][vc_column width=\u00a0\u00bb1\/2&Prime;]<div id=\"highlight-box-wrap-6916\"  data-ultimate-target='#highlight-box-wrap-6916'  data-responsive-json-new='{\"font-size\":\"desktop:32px;tablet_portrait:25px;mobile_landscape:20px;mobile:20px;\",\"line-height\":\"\"}'  class=\"ultimate-call-to-action ult-adjust-bottom-margin  ctaction-text-center ult-responsive\" style=\"font-weight:normal;color:#ffffff;background:#cc9900;padding-top:40px;padding-bottom:40px;padding-left:20px;padding-right:20px;margin-bottom:0px;\"  data-background=\"#cc9900\"  data-background-hover=\"#2b2d35\"  data-override=\"0\" ><div class=\"uvc-ctaction-data uvc-ctaction-data-no-effect ult-responsive\">APPROVISIONEUR EN NAVIRES<\/div><\/div>[\/vc_column][vc_column width=\u00a0\u00bb1\/2&Prime;]<div id=\"highlight-box-wrap-5016\"  data-ultimate-target='#highlight-box-wrap-5016'  data-responsive-json-new='{\"font-size\":\"desktop:32px;tablet_portrait:25px;mobile_landscape:20px;mobile:20px;\",\"line-height\":\"\"}'  class=\"ultimate-call-to-action ult-adjust-bottom-margin  ctaction-text-center ult-responsive\" style=\"font-weight:normal;color:#ffffff;background:#000000;padding-top:40px;padding-bottom:40px;padding-left:20px;padding-right:20px;margin-bottom:0px;\"  data-background=\"#000000\"  data-background-hover=\"#43444f\"  data-override=\"0\" ><div class=\"uvc-ctaction-data uvc-ctaction-data-no-effect ult-responsive\">18 ANS D&rsquo;EXPERIENCE<\/div><\/div>[\/vc_column][\/vc_row]<\/p>\n<\/div>","protected":false},"excerpt":{"rendered":"<p>[vc_row][vc_column el_align=\u00a0\u00bbcenter\u00a0\u00bb][vc_column_text css=\u00a0\u00bb\u00a0\u00bb el_class=\u00a0\u00bbaligncenter\u00a0\u00bb][\/vc_column_text][\/vc_column][\/vc_row][vc_row full_width=\u00a0\u00bbstretch_row_content_no_spaces\u00a0\u00bb equal_height=\u00a0\u00bbyes\u00a0\u00bb content_placement=\u00a0\u00bbmiddle\u00a0\u00bb el_class=\u00a0\u00bbskin-highlight dt-sc-dark-bg\u00a0\u00bb][vc_column css=\u00a0\u00bb.vc_custom_1731355810529{margin-right: 100px !important;margin-left: 100px !important;}\u00a0\u00bb][vc_column_text css=\u00a0\u00bb\u00a0\u00bb][\/vc_column_text][\/vc_column][\/vc_row][vc_row full_width=\u00a0\u00bbstretch_row\u00a0\u00bb el_class=\u00a0\u00bbdt-sc-overflow_visible\u00a0\u00bb][vc_column][\/vc_column][vc_column width=\u00a0\u00bb1\/3&Prime;][\/vc_column][vc_column width=\u00a0\u00bb1\/3&Prime;][\/vc_column][vc_column width=\u00a0\u00bb1\/3&Prime;][\/vc_column][vc_column][\/vc_column][\/vc_row][vc_row full_width=\u00a0\u00bbstretch_row\u00a0\u00bb el_class=\u00a0\u00bbdt-sc-overflow_visible\u00a0\u00bb][vc_column][\/vc_column][vc_column width=\u00a0\u00bb1\/3&Prime;][\/vc_column][vc_column width=\u00a0\u00bb1\/3&Prime;][\/vc_column][vc_column width=\u00a0\u00bb1\/3&Prime;][\/vc_column][vc_column][\/vc_column][\/vc_row][vc_row full_width=\u00a0\u00bbstretch_row\u00a0\u00bb bg_type=\u00a0\u00bbimage\u00a0\u00bb parallax_style=\u00a0\u00bbvcpb-vz-jquery\u00a0\u00bb bg_image_new=\u00a0\u00bbid^10099|url^https:\/\/thenylcompanymarine.com\/wp-content\/uploads\/2018\/09\/news-bg.jpg|caption^null|alt^null|title^news-bg|description^null\u00a0\u00bb bg_image_size=\u00a0\u00bbinitial\u00a0\u00bb [&hellip;]<\/p>\n","protected":false},"author":1,"featured_media":0,"parent":0,"menu_order":0,"comment_status":"closed","ping_status":"closed","template":"","meta":{"give_campaign_id":0,"_exactmetrics_skip_tracking":false,"_exactmetrics_sitenote_active":false,"_exactmetrics_sitenote_note":"","_exactmetrics_sitenote_category":0,"footnotes":""},"class_list":["post-13088","page","type-page","status-publish","hentry"],"campaignId":"","_links":{"self":[{"href":"https:\/\/thenylcompanymarine.com\/index.php?rest_route=\/wp\/v2\/pages\/13088","targetHints":{"allow":["GET"]}}],"collection":[{"href":"https:\/\/thenylcompanymarine.com\/index.php?rest_route=\/wp\/v2\/pages"}],"about":[{"href":"https:\/\/thenylcompanymarine.com\/index.php?rest_route=\/wp\/v2\/types\/page"}],"author":[{"embeddable":true,"href":"https:\/\/thenylcompanymarine.com\/index.php?rest_route=\/wp\/v2\/users\/1"}],"replies":[{"embeddable":true,"href":"https:\/\/thenylcompanymarine.com\/index.php?rest_route=%2Fwp%2Fv2%2Fcomments&post=13088"}],"version-history":[{"count":7,"href":"https:\/\/thenylcompanymarine.com\/index.php?rest_route=\/wp\/v2\/pages\/13088\/revisions"}],"predecessor-version":[{"id":13185,"href":"https:\/\/thenylcompanymarine.com\/index.php?rest_route=\/wp\/v2\/pages\/13088\/revisions\/13185"}],"wp:attachment":[{"href":"https:\/\/thenylcompanymarine.com\/index.php?rest_route=%2Fwp%2Fv2%2Fmedia&parent=13088"}],"curies":[{"name":"wp","href":"https:\/\/api.w.org\/{rel}","templated":true}]}}