{"id":13086,"date":"2024-11-08T03:03:37","date_gmt":"2024-11-08T02:03:37","guid":{"rendered":"https:\/\/thenylcompanymarine.com\/?page_id=13086"},"modified":"2024-11-11T16:40:52","modified_gmt":"2024-11-11T15:40:52","slug":"management-direction","status":"publish","type":"page","link":"https:\/\/thenylcompanymarine.com\/?page_id=13086&lang=fr","title":{"rendered":"Management &#038; Direction"},"content":{"rendered":"<div class=\"wpb-content-wrapper\"><p>[vc_row][vc_column el_class=\u00a0\u00bbaligncenter\u00a0\u00bb]<div class='dt-sc-title script-with-sub-title '><h2>\u00c9quipe dirigeante<\/h2><h3><\/h3><\/div><div class='dt-sc-hr-invisible-xsmall '> <\/div><div class='dt-sc-clear '> <\/div>[vc_row_inner][vc_column_inner width=\u00a0\u00bb1\/3&Prime;][\/vc_column_inner][vc_column_inner width=\u00a0\u00bb1\/3&Prime;]<div class='dt-sc-team hide-social-role-show-on-hover '><div class='dt-sc-team-thumb'><\/div><div class='dt-sc-team-details'><h4>Pr\u00e9sident Directeur G\u00e9n\u00e9ral<\/h4><h5>M. L\u00e9opold YEMELE<\/h5><p><\/p><\/div><\/div>[\/vc_column_inner][vc_column_inner width=\u00a0\u00bb1\/3&Prime;][\/vc_column_inner][\/vc_row_inner][vc_row_inner][vc_column_inner width=\u00a0\u00bb1\/3&Prime;][\/vc_column_inner][vc_column_inner width=\u00a0\u00bb1\/3&Prime;]<div class='dt-sc-team hide-social-role-show-on-hover '><div class='dt-sc-team-thumb'><\/div><div class='dt-sc-team-details'><h4>Responsable Administrative<\/h4><h5>Mme Josiane TSOPMO<\/h5><p><\/p><\/div><\/div>[\/vc_column_inner][vc_column_inner width=\u00a0\u00bb1\/3&Prime;][\/vc_column_inner][\/vc_row_inner][vc_row_inner][vc_column_inner width=\u00a0\u00bb1\/3&Prime;]<div class='dt-sc-team hide-social-role-show-on-hover '><div class='dt-sc-team-thumb'><\/div><div class='dt-sc-team-details'><h4>Comptable<\/h4><h5>M. Corneille MAMANG<\/h5><p><\/p><\/div><\/div>[\/vc_column_inner][vc_column_inner width=\u00a0\u00bb1\/3&Prime;][\/vc_column_inner][vc_column_inner width=\u00a0\u00bb1\/3&Prime;]<div class='dt-sc-team hide-social-role-show-on-hover '><div class='dt-sc-team-thumb'><\/div><div class='dt-sc-team-details'><h4>Responsable des Op\u00e9rations<\/h4><h5>M. Mesmer JAGNI<\/h5><p><\/p><\/div><\/div>[\/vc_column_inner][\/vc_row_inner][\/vc_column][\/vc_row]<\/p>\n<\/div>","protected":false},"excerpt":{"rendered":"<p>[vc_row][vc_column el_class=\u00a0\u00bbaligncenter\u00a0\u00bb][vc_row_inner][vc_column_inner width=\u00a0\u00bb1\/3&Prime;][\/vc_column_inner][vc_column_inner width=\u00a0\u00bb1\/3&Prime;][\/vc_column_inner][vc_column_inner width=\u00a0\u00bb1\/3&Prime;][\/vc_column_inner][\/vc_row_inner][vc_row_inner][vc_column_inner width=\u00a0\u00bb1\/3&Prime;][\/vc_column_inner][vc_column_inner width=\u00a0\u00bb1\/3&Prime;][\/vc_column_inner][vc_column_inner width=\u00a0\u00bb1\/3&Prime;][\/vc_column_inner][\/vc_row_inner][vc_row_inner][vc_column_inner width=\u00a0\u00bb1\/3&Prime;][\/vc_column_inner][vc_column_inner width=\u00a0\u00bb1\/3&Prime;][\/vc_column_inner][vc_column_inner width=\u00a0\u00bb1\/3&Prime;][\/vc_column_inner][\/vc_row_inner][\/vc_column][\/vc_row]<\/p>\n","protected":false},"author":1,"featured_media":0,"parent":0,"menu_order":0,"comment_status":"closed","ping_status":"closed","template":"","meta":{"give_campaign_id":0,"_exactmetrics_skip_tracking":false,"_exactmetrics_sitenote_active":false,"_exactmetrics_sitenote_note":"","_exactmetrics_sitenote_category":0,"footnotes":""},"class_list":["post-13086","page","type-page","status-publish","hentry"],"campaignId":"","_links":{"self":[{"href":"https:\/\/thenylcompanymarine.com\/index.php?rest_route=\/wp\/v2\/pages\/13086","targetHints":{"allow":["GET"]}}],"collection":[{"href":"https:\/\/thenylcompanymarine.com\/index.php?rest_route=\/wp\/v2\/pages"}],"about":[{"href":"https:\/\/thenylcompanymarine.com\/index.php?rest_route=\/wp\/v2\/types\/page"}],"author":[{"embeddable":true,"href":"https:\/\/thenylcompanymarine.com\/index.php?rest_route=\/wp\/v2\/users\/1"}],"replies":[{"embeddable":true,"href":"https:\/\/thenylcompanymarine.com\/index.php?rest_route=%2Fwp%2Fv2%2Fcomments&post=13086"}],"version-history":[{"count":5,"href":"https:\/\/thenylcompanymarine.com\/index.php?rest_route=\/wp\/v2\/pages\/13086\/revisions"}],"predecessor-version":[{"id":13161,"href":"https:\/\/thenylcompanymarine.com\/index.php?rest_route=\/wp\/v2\/pages\/13086\/revisions\/13161"}],"wp:attachment":[{"href":"https:\/\/thenylcompanymarine.com\/index.php?rest_route=%2Fwp%2Fv2%2Fmedia&parent=13086"}],"curies":[{"name":"wp","href":"https:\/\/api.w.org\/{rel}","templated":true}]}}