{"id":13085,"date":"2024-11-08T02:59:15","date_gmt":"2024-11-08T01:59:15","guid":{"rendered":"https:\/\/thenylcompanymarine.com\/?page_id=13085"},"modified":"2024-11-27T12:00:41","modified_gmt":"2024-11-27T11:00:41","slug":"ffe-lsa-2","status":"publish","type":"page","link":"https:\/\/thenylcompanymarine.com\/?page_id=13085&lang=fr","title":{"rendered":"FFE &#038; LSA"},"content":{"rendered":"<div class=\"wpb-content-wrapper\"><p>[vc_row css_animation=\u00a0\u00bbfadeInUp\u00a0\u00bb][vc_column width=\u00a0\u00bb1\/2&Prime;]<div class=\"ult-spacer spacer-69e2345f10a3b\" data-id=\"69e2345f10a3b\" data-height=\"0\" data-height-mobile=\"35\" data-height-tab=\"0\" data-height-tab-portrait=\"0\" data-height-mobile-landscape=\"35\" style=\"clear:both;display:block;\"><\/div>[vc_column_text css=\u00a0\u00bb\u00a0\u00bb]<\/p>\n<p style=\"text-align: justify;\">Nous avons la capacit\u00e9 de fournir et d\u2019effectuer des inspections annuelles, l\u2019entretien et la certification de\u00a0:<\/p>\n<p style=\"text-align: justify;\">Extincteurs portatifs, syst\u00e8mes fixes \u00e0 CO2 (CO2, halon, poudre s\u00e8che, mousse et arroseur), syst\u00e8mes de d\u00e9tection d&rsquo;incendie et d&rsquo;alarme, syst\u00e8me fixe d&rsquo;extinction d&rsquo;incendie \u00e0 gaz, stations d&rsquo;air respirable, syst\u00e8mes en cascade, combinaisons d&rsquo;immersion, ARA (appareil respiratoire autonome), EEBD (appareil respiratoire d&rsquo;\u00e9vacuation d&rsquo;urgence), EEBD et respirateurs, r\u00e9animateurs \u00e0 oxyg\u00e8ne, tests hydrauliques de bouteilles, indicateurs portables mono-gaz et multi-gaz<\/p>\n<p style=\"text-align: justify;\">Nous pouvons organiser l&rsquo;inspection\/service annuel du radeau de sauvetage, du canot de sauvetage, du bossoir et du treuil avec classification internationale selon la demande des propri\u00e9taires ou des gestionnaires de navires.<\/p>\n<p style=\"text-align: justify;\">Tests de charge\u00a0: nous pouvons organiser des tests de charge sur les passerelles, les grues et les \u00e9quipements de levage, les canots de sauvetage charg\u00e9s, les cadres et structures de bossoir, les freins de treuil.<\/p>\n<p style=\"text-align: left;\">Peut \u00e9galement organiser des recharges de cylindres pour\u00a0: Oxyg\u00e8ne, ac\u00e9tyl\u00e8ne, fr\u00e9on R 22 portable et bouteille standard.<\/p>\n<p>[\/vc_column_text][vc_column_text css=\u00a0\u00bb\u00a0\u00bb]Concernant la station de radeau de sauvetage, nous devons \u00eatre certifi\u00e9s :<\/p>\n<p>Inspection, test, r\u00e9paration et emballage du radeau de survie gonflable par : <strong>LALIZAS, YOULONG, SEASAFE, OPIER-FIRE<\/strong><\/p>\n<p>Type de ces Radeaux de survie :<\/p>\n<ol>\n<li><strong>Radeau de survie r\u00e9cr\u00e9atif :<\/strong>\n<ol>\n<li>Cruiser : capacit\u00e9 de 4 pers, 6, 8, 10, 12 pers<\/li>\n<li>Iso raft : capacit\u00e9 de 4 pers, 6, 8, 10, 12 pers<\/li>\n<li>Lersure : capacit\u00e9 de 4 pers, 6 pers<\/li>\n<\/ol>\n<\/li>\n<li><strong>Radeau de sauvetage commercial<\/strong>\n<ul>\n<li>Bossoir Lanc\u00e9 non solas 15, 20, 25 pers<\/li>\n<li>Ouvert r\u00e9versible non solas 15, 20, 30, 50 pers<\/li>\n<li>Solas Davit mis \u00e0 l&rsquo;eau seftriging 15&#8230;..25 pers<\/li>\n<li>Solas auto-relevage 25&#8230;..50 pers<\/li>\n<li>Solas jet\u00e9 par-dessus bord 6, 8, 10, 12, 15, 16, 20, 25 pers<\/li>\n<\/ul>\n<\/li>\n<\/ol>\n<p>Dans notre service gare :<\/p>\n<p>Nous avons : Pyrotechnique, D\u00e9clenchement hydrostatique, eau, ration, anti mal de mer, pharmacie, blindage, torche etc. pour naviguer.[\/vc_column_text][\/vc_column][vc_column width=\u00a0\u00bb1\/2&Prime;][vc_images_carousel images=\u00a0\u00bb13045,13047,13046,13044,13043&Prime; img_size=\u00a0\u00bbfull\u00a0\u00bb speed=\u00a0\u00bb4000&Prime; autoplay=\u00a0\u00bbyes\u00a0\u00bb wrap=\u00a0\u00bbyes\u00a0\u00bb css_animation=\u00a0\u00bbfadeInRight\u00a0\u00bb css=\u00a0\u00bb\u00a0\u00bb][\/vc_column][\/vc_row][vc_row][vc_column width=\u00a0\u00bb1\/3&Prime;]<a href='https:\/\/thenylcompanymarine.com\/write-us\/' target='_blank' title='Write us' class='dt-sc-button   medium   filled  ' > PASSER VOTRE COMMANDE <\/a>[\/vc_column][vc_column width=\u00a0\u00bb1\/3&Prime;][\/vc_column][vc_column width=\u00a0\u00bb1\/3&Prime;]<a href='https:\/\/drive.google.com\/file\/d\/1-ZlYe-noYWAT-TaHA0JxChzmz9QlRxif\/view?usp=drive_link' target='_blank' title='' class='dt-sc-button   medium   filled  ' > TELECHARGER NOTRE BROCHURE <\/a>[\/vc_column][\/vc_row][vc_row][vc_column]<div class=\"ult-spacer spacer-69e2345f10a9d\" data-id=\"69e2345f10a9d\" data-height=\"20\" data-height-mobile=\"20\" data-height-tab=\"20\" data-height-tab-portrait=\"\" data-height-mobile-landscape=\"\" style=\"clear:both;display:block;\"><\/div>[\/vc_column][\/vc_row]<\/p>\n<\/div>","protected":false},"excerpt":{"rendered":"<p>[vc_row css_animation=\u00a0\u00bbfadeInUp\u00a0\u00bb][vc_column width=\u00a0\u00bb1\/2&Prime;][vc_column_text css=\u00a0\u00bb\u00a0\u00bb] Nous avons la capacit\u00e9 de fournir et d\u2019effectuer des inspections annuelles, l\u2019entretien et la certification de\u00a0: Extincteurs portatifs, syst\u00e8mes fixes \u00e0 CO2 (CO2, halon, poudre s\u00e8che, [&hellip;]<\/p>\n","protected":false},"author":1,"featured_media":0,"parent":0,"menu_order":0,"comment_status":"closed","ping_status":"closed","template":"","meta":{"give_campaign_id":0,"_exactmetrics_skip_tracking":false,"_exactmetrics_sitenote_active":false,"_exactmetrics_sitenote_note":"","_exactmetrics_sitenote_category":0,"footnotes":""},"class_list":["post-13085","page","type-page","status-publish","hentry"],"campaignId":"","_links":{"self":[{"href":"https:\/\/thenylcompanymarine.com\/index.php?rest_route=\/wp\/v2\/pages\/13085","targetHints":{"allow":["GET"]}}],"collection":[{"href":"https:\/\/thenylcompanymarine.com\/index.php?rest_route=\/wp\/v2\/pages"}],"about":[{"href":"https:\/\/thenylcompanymarine.com\/index.php?rest_route=\/wp\/v2\/types\/page"}],"author":[{"embeddable":true,"href":"https:\/\/thenylcompanymarine.com\/index.php?rest_route=\/wp\/v2\/users\/1"}],"replies":[{"embeddable":true,"href":"https:\/\/thenylcompanymarine.com\/index.php?rest_route=%2Fwp%2Fv2%2Fcomments&post=13085"}],"version-history":[{"count":4,"href":"https:\/\/thenylcompanymarine.com\/index.php?rest_route=\/wp\/v2\/pages\/13085\/revisions"}],"predecessor-version":[{"id":13221,"href":"https:\/\/thenylcompanymarine.com\/index.php?rest_route=\/wp\/v2\/pages\/13085\/revisions\/13221"}],"wp:attachment":[{"href":"https:\/\/thenylcompanymarine.com\/index.php?rest_route=%2Fwp%2Fv2%2Fmedia&parent=13085"}],"curies":[{"name":"wp","href":"https:\/\/api.w.org\/{rel}","templated":true}]}}