{"id":13080,"date":"2024-11-08T02:55:17","date_gmt":"2024-11-08T01:55:17","guid":{"rendered":"https:\/\/thenylcompanymarine.com\/?page_id=13080"},"modified":"2024-11-21T08:05:27","modified_gmt":"2024-11-21T07:05:27","slug":"qui-sommes-nous","status":"publish","type":"page","link":"https:\/\/thenylcompanymarine.com\/?page_id=13080&lang=fr","title":{"rendered":"Qui sommes-nous"},"content":{"rendered":"<div class=\"wpb-content-wrapper\"><p>[vc_row][vc_column width=\u00a0\u00bb1\/2&Prime;][vc_images_carousel images=\u00a0\u00bb13139,13140,13138,13141&Prime; img_size=\u00a0\u00bbfull\u00a0\u00bb speed=\u00a0\u00bb4000&Prime; autoplay=\u00a0\u00bbyes\u00a0\u00bb wrap=\u00a0\u00bbyes\u00a0\u00bb css_animation=\u00a0\u00bbfadeInRight\u00a0\u00bb css=\u00a0\u00bb\u00a0\u00bb][\/vc_column][vc_column width=\u00a0\u00bb1\/2&Prime;][vc_column_text css=\u00a0\u00bb\u00a0\u00bb]<\/p>\n<h3 style=\"color: #203d84; font-size: 35px; margin: 0 0 25 px; padding-bottom: 25 px; line-height: 46px; position: relative;\"><strong>QUI SOMMES NOUS<\/strong><\/h3>\n<p>[\/vc_column_text][vc_column_text css=\u00a0\u00bb\u00a0\u00bb]<\/p>\n<p style=\"text-align: justify;\"><span style=\"color: #0000ff;\"><strong>THE NYL COMPANY<\/strong><\/span> est une soci\u00e9t\u00e9 cr\u00e9\u00e9e en 2002 et autoris\u00e9e \u00e0 faire des affaires dans les diff\u00e9rents ports du Cameroun (Douala, Limbe, Kribi). Par son engagement, son respect scrupuleux \u00e0 fournir des produits et services de qualit\u00e9 \u00e0 des prix comp\u00e9titifs, <span style=\"color: #0000ff;\"><strong>THE NYL COMPANY<\/strong><\/span> devient un leader dans la sous r\u00e9gion.<\/p>\n<p style=\"text-align: justify;\">Ses performances s&rsquo;illustrent \u00e0 travers diverses affiliations et certifications.<\/p>\n<p style=\"text-align: justify;\">Ces marques de reconnaissance du professionnalisme sont autant de gages de croissance qui se concr\u00e9tisent chaque jour davantage pour mieux vous servir.<\/p>\n<p style=\"text-align: justify;\">Capitalisant plus de <strong><span style=\"color: #0000ff;\">18 ans d&rsquo;exp\u00e9rience<\/span><\/strong> dans les produits frais, le support logistique et les solutions op\u00e9rationnelles efficaces en temps r\u00e9el et en heures dans les ports, plateformes et bases navales, l&rsquo;entreprise ma\u00eetrise une m\u00e9thode de travail qui rassemble tous les arcanes des services.<\/p>\n<p style=\"text-align: justify;\">Nous sommes soucieux du respect de l&rsquo;environnement en \u0153uvrant pour la protection des esp\u00e8ces marines menac\u00e9es, en l&rsquo;occurrence les tortues de mer que l&rsquo;on peut retrouver \u00e0 Kribi.<\/p>\n<p>[\/vc_column_text][\/vc_column][\/vc_row][vc_row][vc_column][vc_column_text css=\u00a0\u00bb\u00a0\u00bb]Notre c\u0153ur de m\u00e9tier depuis 2020 est :<\/p>\n<ul>\n<li style=\"list-style-type: none;\">\n<ul>\n<li style=\"list-style-type: none;\">\n<ul>\n<li><strong>\u00c9quipement de lutte contre l&rsquo;incendie<\/strong><\/li>\n<li><strong>Appareils de Sauvetage<\/strong><\/li>\n<\/ul>\n<\/li>\n<\/ul>\n<\/li>\n<\/ul>\n<p>[\/vc_column_text][vc_column_text css=\u00a0\u00bb\u00a0\u00bb]<\/p>\n<p style=\"text-align: justify;\">Notre d\u00e9partement <strong>SHIP CHANDLER<\/strong> est sp\u00e9cialis\u00e9. Car dans chaque produit, un processus de Consignation avec num\u00e9ro de r\u00e9f\u00e9rence existe.<\/p>\n<p style=\"text-align: justify;\">Elle est ensuite scrupuleusement appliqu\u00e9e par le Service Approvisionnement, compos\u00e9 de professionnels pour r\u00e9pondre aux exigences du march\u00e9 international.<\/p>\n<p style=\"text-align: justify;\">Chaque processus de consignation, relatif \u00e0 un produit, est pr\u00e9cis\u00e9 par des d\u00e9signations qui indiquent les instructions sp\u00e9cifiques qui sont :<\/p>\n<ul>\n<li style=\"list-style-type: none;\">\n<ul>\n<li style=\"list-style-type: none;\">\n<ul>\n<li style=\"text-align: left;\">R\u00e9ception \/ Acquisition<\/li>\n<li style=\"text-align: left;\">Stockage et transport du produit<\/li>\n<li style=\"text-align: left;\">Livraison du produit<\/li>\n<\/ul>\n<\/li>\n<\/ul>\n<\/li>\n<\/ul>\n<p style=\"text-align: left;\">Chaque mois, une r\u00e9union de v\u00e9rification et de contr\u00f4le qualit\u00e9 de la qualit\u00e9 et de la gestion est organis\u00e9e, qui se pr\u00e9sente sous la forme d&rsquo;une fiche de suivi et d&rsquo;accompagnement.<\/p>\n<p style=\"text-align: left;\">Les services que nous proposons sont :<\/p>\n<ul>\n<li style=\"list-style-type: none;\">\n<ul>\n<li style=\"list-style-type: none;\">\n<ul>\n<li>Ffe &amp; Lsa<\/li>\n<li>Provisions<\/li>\n<li style=\"text-align: left;\">Cabine stores<\/li>\n<li style=\"text-align: left;\">Deck Stores<\/li>\n<li style=\"text-align: left;\">Engine Stores<\/li>\n<li style=\"text-align: left;\">The Nyl Shop<\/li>\n<\/ul>\n<\/li>\n<\/ul>\n<\/li>\n<\/ul>\n<p>[\/vc_column_text][vc_row_inner][vc_column_inner width=\u00a0\u00bb1\/3&Prime;]<div class='dt-sc-icon-box type4 '><div class=\"icon-wrapper\"><span class='fas fa-book-open'> <\/span><\/div><div class=\"icon-content\"><h4><a href='https:\/\/thenylcompanymarine.com\/fr\/magasin-de-moteur\/' title='Magasin de moteur' target='_blank'>FFE &amp; LSA<\/a><\/h4><p><p style=\"text-align: left;\">Nous pouvons organiser l\u2019inspection\/service annuel du radeau de sauvetage, du canot de sauvetage \u2026etc.<\/p>\n<p><a href='http:\/\/thenylcompanymarine.com\/fr\/ffe-lsa-2\/' target='_self' title='En savoir plus' class='dt-sc-button   small icon-right with-icon    no-border-bg' > En savoir plus <span class='zmdi zmdi-arrow-right'> <\/span><\/a><\/p><\/div><\/div><div class=\"ult-spacer spacer-69e247c36d640\" data-id=\"69e247c36d640\" data-height=\"10\" data-height-mobile=\"10\" data-height-tab=\"10\" data-height-tab-portrait=\"\" data-height-mobile-landscape=\"\" style=\"clear:both;display:block;\"><\/div><div class='dt-sc-icon-box type4 '><div class=\"icon-wrapper\"><span class='fas fa-cookie-bite'> <\/span><\/div><div class=\"icon-content\"><h4><a href='https:\/\/thenylcompanymarine.com\/fr\/magasin-cabine\/' title='Magasin cabine' target='_blank'>CABIN STORES<\/a><\/h4><p><ul>\n<li>Appareil mat\u00e9riel<\/li>\n<li>V\u00eatements et chaussures<\/li>\n<li>Maison<\/li>\n<li>Brasserie et quincaillerie<\/li>\n<li>Produit de beaut\u00e9<\/li>\n<li>Produits d&rsquo;entretien<\/li>\n<li>Paquet de pinceaux<\/li>\n<li>Assistance et \u00e9quipement m\u00e9dicaux<\/li>\n<\/ul>\n<p><a href='http:\/\/thenylcompanymarine.com\/fr\/cabin-stores-2\/' target='_self' title='En savoir Plus' class='dt-sc-button   small icon-right with-icon    no-border-bg' > En savoir plus <span class='zmdi zmdi-arrow-right'> <\/span><\/a><\/p><\/div><\/div>[\/vc_column_inner][vc_column_inner width=\u00a0\u00bb1\/3&Prime;]<div class='dt-sc-icon-box type4 '><div class=\"icon-wrapper\"><span class='fas fa-cookie-bite'> <\/span><\/div><div class=\"icon-content\"><h4>PROVISIONS<\/h4><p><ul>\n<li>Produits frais\n<ul>\n<li><em>REF: NYL\/IMPA\/PF\/0000<\/em><\/li>\n<\/ul>\n<\/li>\n<li>Produits surgel\u00e9s\n<ul>\n<li><em>REF: NYL\/IMPA\/PC\/0000<\/em><\/li>\n<\/ul>\n<\/li>\n<li>Produits surgel\u00e9s\n<ul>\n<li><em>REF: NYL\/IMPA\/PS\/0000<\/em><\/li>\n<\/ul>\n<\/li>\n<li>Produits secs et conserv\u00e9s\n<ul>\n<li><em>REF: NYL\/IMPA\/PSC\/0000<\/em><\/li>\n<\/ul>\n<\/li>\n<\/ul>\n<p><a href='http:\/\/thenylcompanymarine.com\/fr\/ffe-lsa-2\/' target='_self' title='En savoir plus' class='dt-sc-button   small icon-right with-icon    no-border-bg' > En savoir plus <span class='zmdi zmdi-arrow-right'> <\/span><\/a><\/p><\/div><\/div><div class=\"ult-spacer spacer-69e247c36d75d\" data-id=\"69e247c36d75d\" data-height=\"10\" data-height-mobile=\"10\" data-height-tab=\"10\" data-height-tab-portrait=\"\" data-height-mobile-landscape=\"\" style=\"clear:both;display:block;\"><\/div><div class='dt-sc-icon-box type4 '><div class=\"icon-wrapper\"><span class='fas fa-book-open'> <\/span><\/div><div class=\"icon-content\"><h4><a href='https:\/\/thenylcompanymarine.com\/fr\/magasin-de-moteur\/' title='Magasin de moteur' target='_blank'>ENGINE STORES<\/a><\/h4><p><p style=\"text-align: justify;\">THE NYL COMPANY propose des services, des offres de pi\u00e8ces d\u00e9tach\u00e9es et d&rsquo;\u00e9quipements. Des milliers de r\u00e9f\u00e9rences sont disponibles dans nos magasins conform\u00e9ment au Code ISSA, Code IMPA, Mariner Annual, lalizas et Sea-Safe.<\/p>\n<p><a href='http:\/\/thenylcompanymarine.com\/fr\/engine-stores-2\/' target='_self' title='En savoir plus' class='dt-sc-button   small icon-right with-icon    no-border-bg' > En savoir plus <span class='zmdi zmdi-arrow-right'> <\/span><\/a><\/p><\/div><\/div>[\/vc_column_inner][vc_column_inner width=\u00a0\u00bb1\/3&Prime;]<div class='dt-sc-icon-box type4 '><div class=\"icon-wrapper\"><span class='fas fa-cookie-bite'> <\/span><\/div><div class=\"icon-content\"><h4><a href='https:\/\/thenylcompanymarine.com\/fr\/magasin-de-plate-forme\/' title='Magasin de plate-forme' target='_blank'>DECK STORES<\/a><\/h4><p><ul>\n<li>Cordes et boulons<\/li>\n<li>Cargaison et \u00e9quipement<\/li>\n<li>Peintures marines et mat\u00e9riel de peinture<\/li>\n<li>S\u00e9curit\u00e9 et \u00e9quipement de lutte contre l&rsquo;incendie<\/li>\n<li>L&rsquo;\u00e9quipement du pont, etc.<\/li>\n<\/ul>\n<p><a href='http:\/\/thenylcompanymarine.com\/fr\/deck-stores\/' target='_self' title='En savoir plus' class='dt-sc-button   small icon-right with-icon    no-border-bg' > En savoir plus <span class='zmdi zmdi-arrow-right'> <\/span><\/a><\/p><\/div><\/div><div class=\"ult-spacer spacer-69e247c36d84d\" data-id=\"69e247c36d84d\" data-height=\"10\" data-height-mobile=\"10\" data-height-tab=\"10\" data-height-tab-portrait=\"\" data-height-mobile-landscape=\"\" style=\"clear:both;display:block;\"><\/div><div class='dt-sc-icon-box type4 '><div class=\"icon-wrapper\"><span class='fas fa-book-open'> <\/span><\/div><div class=\"icon-content\"><h4><a href='https:\/\/thenylcompanymarine.com\/fr\/boutique-the-nyl\/' title='Boutique The Nyl' target='_blank'>THE NYL SHOP<\/a><\/h4><p><p style=\"text-align: justify;\">En plus de la disponibilit\u00e9 dans nos magasins, nous livrons selon votre bon de commande avec le soutien de nos partenaires \u00e9trangers. En revanche, nous proposons des \u00e9quivalences ou vous faisons des suggestions d&rsquo;aquivalence.<\/p>\n<p><a href='http:\/\/thenylcompanymarine.com\/fr\/the-nyl-shop-2\/' target='_self' title='En savoir plus' class='dt-sc-button   small icon-right with-icon    no-border-bg' > En savoir plus <span class='zmdi zmdi-arrow-right'> <\/span><\/a><\/p><\/div><\/div>[\/vc_column_inner][\/vc_row_inner][vc_column_text css=\u00a0\u00bb\u00a0\u00bb]<strong><span class=\"fontstyle0\" style=\"color: #203d84;\"><em>Bienvenue \u00e0 THE NYL COMPANY, <\/em><\/span><\/strong>[\/vc_column_text][\/vc_column][\/vc_row][vc_row css_animation=\u00a0\u00bbfadeInUp\u00a0\u00bb][vc_column]<div class=\"ult-spacer spacer-69e247c36d8cb\" data-id=\"69e247c36d8cb\" data-height=\"20\" data-height-mobile=\"20\" data-height-tab=\"20\" data-height-tab-portrait=\"\" data-height-mobile-landscape=\"\" style=\"clear:both;display:block;\"><\/div><div class='dt-sc-title script-with-sub-title aligncenter'><h2>Pourquoi THE NYL COMPANY<\/h2><h3><\/h3><\/div>[\/vc_column][vc_column width=\u00a0\u00bb1\/3&Prime;]<div class='dt-sc-icon-box type11 '><div class=\"icon-wrapper\"><span class='fas fa-truck'> <\/span><\/div><div class=\"icon-content\"><h5>Services apr\u00e8s-vente<\/h5><h4>Plus de 18 ans d'exp\u00e9rience<\/h4><p><\/p><\/div><\/div>[\/vc_column][vc_column width=\u00a0\u00bb1\/3&Prime;]<div class='dt-sc-icon-box type11 '><div class=\"icon-wrapper\"><span class='fas fa-user'> <\/span><\/div><div class=\"icon-content\"><h5>Personnel qualifi\u00e9<\/h5><h4>Expertise<\/h4><p><\/p><\/div><\/div>[\/vc_column][vc_column width=\u00a0\u00bb1\/3&Prime;]<div class='dt-sc-icon-box type11 '><div class=\"icon-wrapper\"><span class='fas fa-hourglass-half'> <\/span><\/div><div class=\"icon-content\"><h5>Respecter les normes et standards internationaux<\/h5><h4>Respect des d\u00e9lais<\/h4><p><\/p><\/div><\/div>[\/vc_column][vc_column]<div class=\"ult-spacer spacer-69e247c36d96f\" data-id=\"69e247c36d96f\" data-height=\"60\" data-height-mobile=\"10\" data-height-tab=\"\" data-height-tab-portrait=\"\" data-height-mobile-landscape=\"10\" style=\"clear:both;display:block;\"><\/div>[\/vc_column][\/vc_row][vc_row full_width=\u00a0\u00bbstretch_row\u00a0\u00bb css_animation=\u00a0\u00bbfadeInUp\u00a0\u00bb bg_type=\u00a0\u00bbimage\u00a0\u00bb parallax_style=\u00a0\u00bbvcpb-vz-jquery\u00a0\u00bb bg_image_new=\u00a0\u00bbid^9683|url^https:\/\/thenylcompanymarine.com\/wp-content\/uploads\/2018\/07\/about-bg.jpg|caption^null|alt^null|title^about-bg|description^null\u00a0\u00bb el_class=\u00a0\u00bbdt-sc-dark-bg secondary-skin-overlay9&Prime;][vc_column]<div class=\"ult-spacer spacer-69e247c36d984\" data-id=\"69e247c36d984\" data-height=\"86\" data-height-mobile=\"86\" data-height-tab=\"86\" data-height-tab-portrait=\"\" data-height-mobile-landscape=\"\" style=\"clear:both;display:block;\"><\/div><div id=\"ult-carousel-129547328569e247c36da71\" class=\"ult-carousel-wrapper  vc_custom_1499424270627 custom-arrow-navigation info-carousel ult_horizontal\" data-gutter=\"15\" data-rtl=\"false\" ><div class=\"ult-carousel-68484245869e247c36d9dd \" >[vc_column_text css=\u00a0\u00bb\u00a0\u00bb]<\/p>\n<h3>Besoin de disposer de produits et services de qualit\u00e9 livr\u00e9s \u00e0 bord de notre navire ?<\/h3>\n<div class=\"ult-item-wrap\" data-animation=\"animated no-animation\"><a href='http:\/\/thenylcompanymarine.com\/fr\/nous-contacter\/' target='_self' title='Commander maintenant' class='dt-sc-button   large   white bordered  ' > Commander maintenant <\/a><\/div>[\/vc_column_text][vc_column_text css=\u00a0\u00bb\u00a0\u00bb]<\/p>\n<h3>Besoin de produits et de services de qualit\u00e9 livr\u00e9s \u00e0 bord offshore\u00a0?<\/h3>\n<div class=\"ult-item-wrap\" data-animation=\"animated no-animation\"><a href='http:\/\/thenylcompanymarine.com\/fr\/nous-contacter\/' target='_self' title='Commander maintenant' class='dt-sc-button   large   white bordered  ' > Commander maintenant <\/a><\/div>[\/vc_column_text][vc_column_text css=\u00a0\u00bb\u00a0\u00bb]<\/p>\n<h3>Pour nos \u00e9quipements des milliers de r\u00e9f\u00e9rences sont disponibles dans nos magasins conform\u00e9ment au Code ISSA, Code IMPA, Mariner Annual, lalizas et Sea-Safe.<\/h3>\n<div class=\"ult-item-wrap\" data-animation=\"animated no-animation\"><a href='http:\/\/thenylcompanymarine.com\/fr\/nous-contacter\/' target='_self' title='Commander maintenant' class='dt-sc-button   large   white bordered  ' > Commander maintenant <\/a><\/div>[\/vc_column_text]<\/div><\/div>\t\t\t<script type=\"text\/javascript\">\n\t\t\t\tjQuery(document).ready(function ($) {\n\t\t\t\t\tif( typeof jQuery('.ult-carousel-68484245869e247c36d9dd').slick == \"function\"){\n\t\t\t\t\t\t$('.ult-carousel-68484245869e247c36d9dd').slick({dots: false,autoplaySpeed: \"5000\",speed: \"300\",infinite: true,arrows: true,nextArrow: '<button type=\"button\" role=\"button\" aria-label=\"Next\" style=\"color:#333333; font-size:20px;\" class=\"slick-next default\"><i class=\"ultsl-arrow-right4\"><\/i><\/button>',prevArrow: '<button type=\"button\" role=\"button\" aria-label=\"Previous\" style=\"color:#333333; font-size:20px;\" class=\"slick-prev default\"><i class=\"ultsl-arrow-left4\"><\/i><\/button>',slidesToScroll:1,slidesToShow:1,swipe: true,draggable: true,touchMove: true,pauseOnHover: true,pauseOnFocus: false,responsive: [\n\t\t\t\t\t\t\t{\n\t\t\t\t\t\t\t  breakpoint: 1026,\n\t\t\t\t\t\t\t  settings: {\n\t\t\t\t\t\t\t\tslidesToShow: 1,\n\t\t\t\t\t\t\t\tslidesToScroll: 1,  \n\t\t\t\t\t\t\t  }\n\t\t\t\t\t\t\t},\n\t\t\t\t\t\t\t{\n\t\t\t\t\t\t\t  breakpoint: 1025,\n\t\t\t\t\t\t\t  settings: {\n\t\t\t\t\t\t\t\tslidesToShow: 1,\n\t\t\t\t\t\t\t\tslidesToScroll: 1\n\t\t\t\t\t\t\t  }\n\t\t\t\t\t\t\t},\n\t\t\t\t\t\t\t{\n\t\t\t\t\t\t\t  breakpoint: 760,\n\t\t\t\t\t\t\t  settings: {\n\t\t\t\t\t\t\t\tslidesToShow: 1,\n\t\t\t\t\t\t\t\tslidesToScroll: 1\n\t\t\t\t\t\t\t  }\n\t\t\t\t\t\t\t}\n\t\t\t\t\t\t],pauseOnDotsHover: true,customPaging: function(slider, i) {\n                   return '<i type=\"button\" style= \"color:#333333;\" class=\"ultsl-record\" data-role=\"none\"><\/i>';\n                },});\n\t\t\t\t\t}\n\t\t\t\t});\n\t\t\t<\/script>\n\t\t\t<div class=\"ult-spacer spacer-69e247c36db26\" data-id=\"69e247c36db26\" data-height=\"100\" data-height-mobile=\"80\" data-height-tab=\"\" data-height-tab-portrait=\"\" data-height-mobile-landscape=\"80\" style=\"clear:both;display:block;\"><\/div>[\/vc_column][\/vc_row][vc_row full_width=\u00a0\u00bbstretch_row\u00a0\u00bb css_animation=\u00a0\u00bbfadeInUp\u00a0\u00bb css=\u00a0\u00bb.vc_custom_1530962825310{background-color: #f7f7f7 !important;}\u00a0\u00bb][vc_column]<div class=\"ult-spacer spacer-69e247c36db3c\" data-id=\"69e247c36db3c\" data-height=\"86\" data-height-mobile=\"40\" data-height-tab=\"\" data-height-tab-portrait=\"\" data-height-mobile-landscape=\"40\" style=\"clear:both;display:block;\"><\/div>[\/vc_column][vc_column width=\u00a0\u00bb1\/2&Prime;]<h2 class=\"alignleft\">LES CHIFFRES DE THE NYL COMPANY<\/h2><div class=\"ult-spacer spacer-69e247c36db59\" data-id=\"69e247c36db59\" data-height=\"20\" data-height-mobile=\"20\" data-height-tab=\"20\" data-height-tab-portrait=\"\" data-height-mobile-landscape=\"\" style=\"clear:both;display:block;\"><\/div><div class=\"dt-sc-progress dt-sc-standard\"><div class=\"dt-sc-bar\"  data-value=\"100\"><div class=\"dt-sc-bar-text\">Certifier le produit avec le code ISSA, <span> 100% <\/span><\/div><\/div><\/div><div class=\"dt-sc-progress dt-sc-standard\"><div class=\"dt-sc-bar\"  data-value=\"100\"><div class=\"dt-sc-bar-text\">Personnel qualifi\u00e9 <span> 100% <\/span><\/div><\/div><\/div><div class=\"dt-sc-progress dt-sc-standard\"><div class=\"dt-sc-bar\"  data-value=\"100\"><div class=\"dt-sc-bar-text\">Clients satisfaits <span> 100% <\/span><\/div><\/div><\/div><div class=\"ult-spacer spacer-69e247c36db91\" data-id=\"69e247c36db91\" data-height=\"\" data-height-mobile=\"60\" data-height-tab=\"\" data-height-tab-portrait=\"\" data-height-mobile-landscape=\"60\" style=\"clear:both;display:block;\"><\/div>[\/vc_column][vc_column width=\u00a0\u00bb1\/2&Prime;]<h2 class=\"alignleft\">Comment faire?<\/h2><div class=\"ult-spacer spacer-69e247c36dbab\" data-id=\"69e247c36dbab\" data-height=\"45\" data-height-mobile=\"45\" data-height-tab=\"45\" data-height-tab-portrait=\"\" data-height-mobile-landscape=\"\" style=\"clear:both;display:block;\"><\/div><div class='dt-sc-toggle-frame-set type2 '><div class=\"dt-sc-toggle-frame\">\t<h5 class='dt-sc-toggle-accordion '><a href='#'>\u00bbNous<\/a><\/h5>\t<div class=\"dt-sc-toggle-content\" style=\"display: none;\">\t\t<div class=\"block\">[vc_column_text css=\u00a0\u00bb.vc_custom_1731336585097{margin-bottom: 0px !important;}\u00a0\u00bb]<\/p>\n<p style=\"text-align: justify;\">Pour tout poste \u00e0 pourvoir chez ISHOPE, veuillez utiliser le formulaire ci-dessous pour envoyer votre lettre de motivation et votre Curriculum Vitae (CV). Ou \u00e9crivez-nous \u00e0 Careers@thenylcompanymarine.com.<\/p>\n<p>[\/vc_column_text]\t\t<\/div>\t<\/div><\/div><div class=\"dt-sc-toggle-frame\">\t<h5 class='dt-sc-toggle-accordion '><a href='#'>\u00bbCommandez<\/a><\/h5>\t<div class=\"dt-sc-toggle-content\" style=\"display: none;\">\t\t<div class=\"block\">[vc_column_text css=\u00a0\u00bb.vc_custom_1731336561749{margin-bottom: 0px !important;}\u00a0\u00bb]<\/p>\n<p style=\"text-align: justify;\">Vous avez besoin de produits de qualit\u00e9 \u00e0 bord de votre navire ou sur une plateforme p\u00e9troli\u00e8re ? Passez vos commandes via notre chat direct WhatsApp (+237) 677 65 39 93 et \u200b\u200bnotre \u00e9quipe vous r\u00e9pondra instantan\u00e9ment.<\/p>\n<p>[\/vc_column_text]\t\t<\/div>\t<\/div><\/div><\/div>[\/vc_column][\/vc_row][vc_row css_animation=\u00a0\u00bbfadeInUp\u00a0\u00bb][vc_column]<div class=\"ult-spacer spacer-69e247c36dd53\" data-id=\"69e247c36dd53\" data-height=\"10\" data-height-mobile=\"10\" data-height-tab=\"10\" data-height-tab-portrait=\"\" data-height-mobile-landscape=\"\" style=\"clear:both;display:block;\"><\/div><div class='dt-sc-title script-with-sub-title aligncenter'><h2>Nos partenaires<\/h2><h3><\/h3><\/div><div class=\"dt-sc-partners-carousel-wrapper\" data-scroll=\"2\" data-visible=\"4\"><ul class='dt-sc-partners-carousel'><li><\/li><li><\/li><li><\/li><li><\/li><li><\/li><li><\/li><li><\/li><\/ul><div class=\"carousel-arrows\"><a href=\"\" class=\"partners-prev\"> <\/a><a href=\"\" class=\"partners-next\"> <\/a><\/div><\/div>[\/vc_column][\/vc_row]<\/p>\n<\/div>","protected":false},"excerpt":{"rendered":"<p>[vc_row][vc_column width=\u00a0\u00bb1\/2&Prime;][vc_images_carousel images=\u00a0\u00bb13139,13140,13138,13141&Prime; img_size=\u00a0\u00bbfull\u00a0\u00bb speed=\u00a0\u00bb4000&Prime; autoplay=\u00a0\u00bbyes\u00a0\u00bb wrap=\u00a0\u00bbyes\u00a0\u00bb css_animation=\u00a0\u00bbfadeInRight\u00a0\u00bb css=\u00a0\u00bb\u00a0\u00bb][\/vc_column][vc_column width=\u00a0\u00bb1\/2&Prime;][vc_column_text css=\u00a0\u00bb\u00a0\u00bb] QUI SOMMES NOUS [\/vc_column_text][vc_column_text css=\u00a0\u00bb\u00a0\u00bb] THE NYL COMPANY est une soci\u00e9t\u00e9 cr\u00e9\u00e9e en 2002 et autoris\u00e9e \u00e0 faire des [&hellip;]<\/p>\n","protected":false},"author":1,"featured_media":0,"parent":0,"menu_order":0,"comment_status":"closed","ping_status":"closed","template":"","meta":{"give_campaign_id":0,"_exactmetrics_skip_tracking":false,"_exactmetrics_sitenote_active":false,"_exactmetrics_sitenote_note":"","_exactmetrics_sitenote_category":0,"footnotes":""},"class_list":["post-13080","page","type-page","status-publish","hentry"],"campaignId":"","_links":{"self":[{"href":"https:\/\/thenylcompanymarine.com\/index.php?rest_route=\/wp\/v2\/pages\/13080","targetHints":{"allow":["GET"]}}],"collection":[{"href":"https:\/\/thenylcompanymarine.com\/index.php?rest_route=\/wp\/v2\/pages"}],"about":[{"href":"https:\/\/thenylcompanymarine.com\/index.php?rest_route=\/wp\/v2\/types\/page"}],"author":[{"embeddable":true,"href":"https:\/\/thenylcompanymarine.com\/index.php?rest_route=\/wp\/v2\/users\/1"}],"replies":[{"embeddable":true,"href":"https:\/\/thenylcompanymarine.com\/index.php?rest_route=%2Fwp%2Fv2%2Fcomments&post=13080"}],"version-history":[{"count":14,"href":"https:\/\/thenylcompanymarine.com\/index.php?rest_route=\/wp\/v2\/pages\/13080\/revisions"}],"predecessor-version":[{"id":13219,"href":"https:\/\/thenylcompanymarine.com\/index.php?rest_route=\/wp\/v2\/pages\/13080\/revisions\/13219"}],"wp:attachment":[{"href":"https:\/\/thenylcompanymarine.com\/index.php?rest_route=%2Fwp%2Fv2%2Fmedia&parent=13080"}],"curies":[{"name":"wp","href":"https:\/\/api.w.org\/{rel}","templated":true}]}}