{"id":13078,"date":"2024-11-08T02:55:05","date_gmt":"2024-11-08T01:55:05","guid":{"rendered":"https:\/\/thenylcompanymarine.com\/?page_id=13078"},"modified":"2024-11-13T15:26:24","modified_gmt":"2024-11-13T14:26:24","slug":"deck-stores","status":"publish","type":"page","link":"https:\/\/thenylcompanymarine.com\/?page_id=13078&lang=fr","title":{"rendered":"Deck stores."},"content":{"rendered":"<div class=\"wpb-content-wrapper\"><p>[vc_row css_animation=\u00a0\u00bbfadeInUp\u00a0\u00bb][vc_column width=\u00a0\u00bb1\/2&Prime;]<div class=\"ult-spacer spacer-69e248c25f67a\" data-id=\"69e248c25f67a\" data-height=\"0\" data-height-mobile=\"35\" data-height-tab=\"0\" data-height-tab-portrait=\"0\" data-height-mobile-landscape=\"35\" style=\"clear:both;display:block;\"><\/div>[vc_column_text css=\u00a0\u00bb\u00a0\u00bb]<\/p>\n<p style=\"text-align: left;\">Nous proposons de nombreux types de produits comme :<\/p>\n<ul>\n<li><strong>Appareil mat\u00e9riel<\/strong><\/li>\n<li><strong>V\u00eatements et chaussures<\/strong><\/li>\n<li><strong>Maison<\/strong><\/li>\n<li><strong>Brasserie et quincaillerie<\/strong><\/li>\n<li><strong>Produit de beaut\u00e9<\/strong><\/li>\n<li><strong>Produits d&rsquo;entretien<\/strong><\/li>\n<li><strong>Paquet de pinceaux<\/strong><\/li>\n<li><strong>Assistance et \u00e9quipement m\u00e9dicaux<\/strong><\/li>\n<\/ul>\n<p>[\/vc_column_text][\/vc_column][vc_column width=\u00a0\u00bb1\/2&Prime;][vc_single_image image=\u00a0\u00bb12896&Prime; img_size=\u00a0\u00bbfull\u00a0\u00bb css=\u00a0\u00bb\u00a0\u00bb][\/vc_column][\/vc_row][vc_row css_animation=\u00a0\u00bbfadeInUp\u00a0\u00bb][vc_column width=\u00a0\u00bb1\/2&Prime;][vc_single_image image=\u00a0\u00bb12897&Prime; img_size=\u00a0\u00bbfull\u00a0\u00bb css=\u00a0\u00bb\u00a0\u00bb][\/vc_column][vc_column width=\u00a0\u00bb1\/2&Prime;]<div class=\"ult-spacer spacer-69e248c25f6a0\" data-id=\"69e248c25f6a0\" data-height=\"0\" data-height-mobile=\"35\" data-height-tab=\"0\" data-height-tab-portrait=\"0\" data-height-mobile-landscape=\"35\" style=\"clear:both;display:block;\"><\/div><div class='dt-sc-title with-right-border-decor '><h2>Appareils<\/h2><p><\/p><\/div>[vc_column_text css=\u00a0\u00bb\u00a0\u00bb]<strong>D\u00c9FINITION DES PRODUITS FRAIS<\/strong> : Ce sont des produits alimentaires d&rsquo;origine animale ou v\u00e9g\u00e9tale destin\u00e9s \u00e0 la consommation directe.<\/p>\n<p><strong>PROCESSUS DE CONSIGNATION<\/strong><\/p>\n<ul>\n<li>Les aliments frais ne doivent pas \u00eatre conserv\u00e9s dans des endroits congel\u00e9s et chauds ;<\/li>\n<li>Si les produits doivent \u00eatre stock\u00e9s dans des zones r\u00e9frig\u00e9r\u00e9es, leur s\u00e9jour ne doit pas d\u00e9passer 8 heures. Temp\u00e9rature : 21- 22 \u00b0C ;<\/li>\n<li>Certains produits comme les bananes, les avocats, les ananas et la papaye doivent rester dans des endroits o\u00f9 l&rsquo;air est constamment renouvel\u00e9.<\/li>\n<\/ul>\n<p>[\/vc_column_text][\/vc_column][\/vc_row][vc_row css_animation=\u00a0\u00bbfadeInUp\u00a0\u00bb][vc_column width=\u00a0\u00bb1\/2&Prime;]<div class=\"ult-spacer spacer-69e248c25f700\" data-id=\"69e248c25f700\" data-height=\"0\" data-height-mobile=\"35\" data-height-tab=\"0\" data-height-tab-portrait=\"0\" data-height-mobile-landscape=\"35\" style=\"clear:both;display:block;\"><\/div><div class='dt-sc-title with-right-border-decor '><h2>Mat\u00e9riels et Produits d'entretien \/ Gamme de brosses<\/h2><p><\/p><\/div>[\/vc_column][vc_column width=\u00a0\u00bb1\/2&Prime;][vc_single_image image=\u00a0\u00bb12901&Prime; img_size=\u00a0\u00bbfull\u00a0\u00bb css=\u00a0\u00bb\u00a0\u00bb][\/vc_column][\/vc_row][vc_row css_animation=\u00a0\u00bbfadeInUp\u00a0\u00bb][vc_column width=\u00a0\u00bb1\/2&Prime;][vc_single_image image=\u00a0\u00bb12898&Prime; img_size=\u00a0\u00bbfull\u00a0\u00bb css=\u00a0\u00bb\u00a0\u00bb][\/vc_column][vc_column width=\u00a0\u00bb1\/2&Prime;]<div class=\"ult-spacer spacer-69e248c25f73f\" data-id=\"69e248c25f73f\" data-height=\"0\" data-height-mobile=\"35\" data-height-tab=\"0\" data-height-tab-portrait=\"0\" data-height-mobile-landscape=\"35\" style=\"clear:both;display:block;\"><\/div><div class='dt-sc-title with-right-border-decor '><h2>Produits de beaut\u00e9<\/h2><p><\/p><\/div>[vc_column_text css=\u00a0\u00bb\u00a0\u00bb]<\/p>\n<p style=\"text-align: justify;\"><strong>THE NYL COMPANY<\/strong> distribue des produits de beaut\u00e9 respectueux de la sant\u00e9 de la peau et du corps et aux normes de l&rsquo;Union Europ\u00e9enne.<\/p>\n<p>[\/vc_column_text][\/vc_column][\/vc_row][vc_row css_animation=\u00a0\u00bbfadeInUp\u00a0\u00bb][vc_column width=\u00a0\u00bb1\/2&Prime;]<div class=\"ult-spacer spacer-69e248c25f77c\" data-id=\"69e248c25f77c\" data-height=\"0\" data-height-mobile=\"35\" data-height-tab=\"0\" data-height-tab-portrait=\"0\" data-height-mobile-landscape=\"35\" style=\"clear:both;display:block;\"><\/div><div class='dt-sc-title with-right-border-decor '><h2>V\u00eatements et linge de maison<\/h2><p><\/p><\/div>[\/vc_column][vc_column width=\u00a0\u00bb1\/2&Prime;][vc_single_image image=\u00a0\u00bb12885&Prime; img_size=\u00a0\u00bbfull\u00a0\u00bb css=\u00a0\u00bb\u00a0\u00bb][\/vc_column][\/vc_row][vc_row css_animation=\u00a0\u00bbfadeInUp\u00a0\u00bb][vc_column width=\u00a0\u00bb1\/2&Prime;][vc_single_image image=\u00a0\u00bb12898&Prime; img_size=\u00a0\u00bbfull\u00a0\u00bb css=\u00a0\u00bb\u00a0\u00bb][\/vc_column][vc_column width=\u00a0\u00bb1\/2&Prime;]<div class=\"ult-spacer spacer-69e248c25f7b1\" data-id=\"69e248c25f7b1\" data-height=\"0\" data-height-mobile=\"35\" data-height-tab=\"0\" data-height-tab-portrait=\"0\" data-height-mobile-landscape=\"35\" style=\"clear:both;display:block;\"><\/div><div class='dt-sc-title with-right-border-decor '><h2>Fourniture M\u00e9dicale et Assistance<\/h2><p><\/p><\/div>[vc_column_text css=\u00a0\u00bb\u00a0\u00bb]<\/p>\n<p style=\"text-align: justify;\"><strong>THE NYL COMPANY <\/strong>fournit des services et \u00e9quipements m\u00e9dicaux et propose \u00e9galement l&rsquo;\u00e9vacuation sanitaire ainsi que l&rsquo;hospitalisation de tous les marins et autres agents maritimes. Avec plus de huit ans d&rsquo;exp\u00e9rience, nous sommes parmi les meilleurs dans ce domaine<\/p>\n<p>[\/vc_column_text][\/vc_column][\/vc_row][vc_row][vc_column width=\u00a0\u00bb1\/3&Prime;]<a href='https:\/\/thenylcompanymarine.com\/write-us\/' target='_blank' title='Write us' class='dt-sc-button   medium   filled  ' > PASSER VOTRE COMMANDE <\/a>[\/vc_column][vc_column width=\u00a0\u00bb1\/3&Prime;][\/vc_column][vc_column width=\u00a0\u00bb1\/3&Prime;]<a href='https:\/\/drive.google.com\/file\/d\/1-ZlYe-noYWAT-TaHA0JxChzmz9QlRxif\/view?usp=drive_link' target='_blank' title='' class='dt-sc-button   medium   filled  ' > TELECHARGER NOTRE BROCHURE <\/a>[\/vc_column][\/vc_row][vc_row][vc_column]<div class=\"ult-spacer spacer-69e248c25f82c\" data-id=\"69e248c25f82c\" data-height=\"20\" data-height-mobile=\"20\" data-height-tab=\"20\" data-height-tab-portrait=\"\" data-height-mobile-landscape=\"\" style=\"clear:both;display:block;\"><\/div>[\/vc_column][\/vc_row]<\/p>\n<\/div>","protected":false},"excerpt":{"rendered":"<p>[vc_row css_animation=\u00a0\u00bbfadeInUp\u00a0\u00bb][vc_column width=\u00a0\u00bb1\/2&Prime;][vc_column_text css=\u00a0\u00bb\u00a0\u00bb] Nous proposons de nombreux types de produits comme : Appareil mat\u00e9riel V\u00eatements et chaussures Maison Brasserie et quincaillerie Produit de beaut\u00e9 Produits d&rsquo;entretien Paquet de pinceaux [&hellip;]<\/p>\n","protected":false},"author":1,"featured_media":0,"parent":0,"menu_order":0,"comment_status":"closed","ping_status":"closed","template":"","meta":{"give_campaign_id":0,"_exactmetrics_skip_tracking":false,"_exactmetrics_sitenote_active":false,"_exactmetrics_sitenote_note":"","_exactmetrics_sitenote_category":0,"footnotes":""},"class_list":["post-13078","page","type-page","status-publish","hentry"],"campaignId":"","_links":{"self":[{"href":"https:\/\/thenylcompanymarine.com\/index.php?rest_route=\/wp\/v2\/pages\/13078","targetHints":{"allow":["GET"]}}],"collection":[{"href":"https:\/\/thenylcompanymarine.com\/index.php?rest_route=\/wp\/v2\/pages"}],"about":[{"href":"https:\/\/thenylcompanymarine.com\/index.php?rest_route=\/wp\/v2\/types\/page"}],"author":[{"embeddable":true,"href":"https:\/\/thenylcompanymarine.com\/index.php?rest_route=\/wp\/v2\/users\/1"}],"replies":[{"embeddable":true,"href":"https:\/\/thenylcompanymarine.com\/index.php?rest_route=%2Fwp%2Fv2%2Fcomments&post=13078"}],"version-history":[{"count":5,"href":"https:\/\/thenylcompanymarine.com\/index.php?rest_route=\/wp\/v2\/pages\/13078\/revisions"}],"predecessor-version":[{"id":13201,"href":"https:\/\/thenylcompanymarine.com\/index.php?rest_route=\/wp\/v2\/pages\/13078\/revisions\/13201"}],"wp:attachment":[{"href":"https:\/\/thenylcompanymarine.com\/index.php?rest_route=%2Fwp%2Fv2%2Fmedia&parent=13078"}],"curies":[{"name":"wp","href":"https:\/\/api.w.org\/{rel}","templated":true}]}}